{"id":12612,"date":"2024-10-18T12:29:48","date_gmt":"2024-10-18T12:29:48","guid":{"rendered":"https:\/\/emplifistg.wpenginepowered.com\/legal\/whistleblowing\/"},"modified":"2025-06-16T16:07:04","modified_gmt":"2025-06-16T16:07:04","slug":"whistleblowing","status":"publish","type":"page","link":"https:\/\/emplifi.io\/de\/legal\/whistleblowing\/","title":{"rendered":"Whistleblowing"},"content":{"rendered":"","protected":false},"excerpt":{"rendered":"","protected":false},"author":1,"featured_media":0,"parent":10441,"menu_order":0,"comment_status":"closed","ping_status":"closed","template":"","meta":{"inline_featured_image":false,"footnotes":""},"class_list":["post-12612","page","type-page","status-publish","hentry"],"acf":{"hero_subhead_1":"","hero_subhead_2":"","hero_headline":"Whistleblowing","content":"<p class=\"css-9daywu\" data-slate-node=\"element\"><span data-slate-node=\"text\">Whistleblowing is the disclosure of information related to a suspected wrongdoing or danger that is likely to affect other people, for example fraud or damage to the environment.<\/span><\/p>\n<p class=\"css-9daywu\" data-slate-node=\"element\"><span data-slate-node=\"text\">Emplifi is committed to ensuring compliance not only with the law but our ethical standards in the way we do business regardless of where we are located.<\/span><\/p>\n<p class=\"css-9daywu\" data-slate-node=\"element\"><span data-slate-node=\"text\">Our colleagues are required to complete annual training on topics such as Ethics, Whistleblowing, Privacy, Equality, Bribery &amp; Corruption and Bullying &amp; Harassment including Sexual Harassment.<\/span><\/p>\n<p class=\"css-9daywu\" data-slate-node=\"element\"><span data-slate-node=\"text\">All organisations face the risk of unknowingly committing illegal or unethical conduct and we therefore foster a culture of openness and transparency, while providing resources to disclose information which relates to suspected wrongdoing either directly or anonymously with the knowledge they will be protected.<\/span><\/p>\n<hr \/>\n<p class=\"css-9daywu\" data-slate-node=\"element\"><a href=\"https:\/\/emplifi.io\/legal\/whistleblowing-cz-emplifi\/\"><span class=\"css-z85xm\" data-test-id=\"cf-ui-text-link\" data-link-type=\"Entry\" data-link-id=\"5C078Mce9G257LfXJlcC1V\" aria-expanded=\"false\" aria-controls=\"popover-content_8643\" aria-haspopup=\"dialog\"><span data-slate-node=\"text\"><em class=\"css-1msjh1x\" data-slate-leaf=\"true\">Information related to Emplifi Czech Republic a.s. \/ Informace t\u00fdkaj\u00edc\u00ed se Emplifi Czech Republic a.s.\u00a0<\/em><\/span><\/span><\/a><\/p>\n","page_cta_group":{"show_section":true,"use_global_cta":true,"section_subhead":"","section_headline":"","section_text_left":"","section_text_right":"","section_button":null},"page_cta":{"page_cta_group":{"show_section":true,"use_global_cta":true,"section_subhead":"","section_headline":"","section_text_left":"","section_text_right":"","section_button":null}},"awards_group":{"show_section":true,"use_global_awards_text":true,"section_subhead":"","section_headline":"","section_text":"","use_global_awards":true,"awards":false},"awards_clone":{"awards_group":{"show_section":true,"use_global_awards_text":true,"section_subhead":"","section_headline":"","section_text":"","use_global_awards":true,"awards":false}},"sidebar_type":"sticky","sidebar_builder":false,"sidebar_builder_clone":{"sidebar_builder":false},"form_embed":"","hide_social_sharing":true,"remove_gtm":false,"hide_sidebar":true},"_links":{"self":[{"href":"https:\/\/emplifi.io\/de\/wp-json\/wp\/v2\/pages\/12612","targetHints":{"allow":["GET"]}}],"collection":[{"href":"https:\/\/emplifi.io\/de\/wp-json\/wp\/v2\/pages"}],"about":[{"href":"https:\/\/emplifi.io\/de\/wp-json\/wp\/v2\/types\/page"}],"author":[{"embeddable":true,"href":"https:\/\/emplifi.io\/de\/wp-json\/wp\/v2\/users\/1"}],"replies":[{"embeddable":true,"href":"https:\/\/emplifi.io\/de\/wp-json\/wp\/v2\/comments?post=12612"}],"version-history":[{"count":0,"href":"https:\/\/emplifi.io\/de\/wp-json\/wp\/v2\/pages\/12612\/revisions"}],"up":[{"embeddable":true,"href":"https:\/\/emplifi.io\/de\/wp-json\/wp\/v2\/pages\/10441"}],"wp:attachment":[{"href":"https:\/\/emplifi.io\/de\/wp-json\/wp\/v2\/media?parent=12612"}],"curies":[{"name":"wp","href":"https:\/\/api.w.org\/{rel}","templated":true}]}}