{"id":19008,"date":"2025-08-14T17:45:53","date_gmt":"2025-08-14T17:45:53","guid":{"rendered":"https:\/\/emplifistg.wpenginepowered.com\/?page_id=19008"},"modified":"2026-03-04T19:25:44","modified_gmt":"2026-03-04T19:25:44","slug":"evaluacion-gratis","status":"publish","type":"page","link":"https:\/\/emplifi.io\/es\/evaluacion-gratis\/","title":{"rendered":"Demo: Evaluaci\u00f3n Gratuita (Free Assessment)"},"content":{"rendered":"","protected":false},"excerpt":{"rendered":"","protected":false},"author":21,"featured_media":17422,"parent":0,"menu_order":0,"comment_status":"closed","ping_status":"closed","template":"page-templates\/demo.php","meta":{"inline_featured_image":false,"footnotes":""},"class_list":["post-19008","page","type-page","status-publish","has-post-thumbnail","hentry"],"acf":{"hide_main_menu":true,"hero_form_group":{"subhead":"","headline":"Descubre c\u00f3mo se compara tu estrategia con una evaluaci\u00f3n gratuita","text":"<p>Obt\u00e9n una <strong>evaluaci\u00f3n personalizada y sin costo para comparar tu desempe\u00f1o<\/strong>, identificar oportunidades para fortalecer la voz de tu marca, optimizar el trabajo de tu equipo y aumentar el ROI en tu estrategia en social media.<\/p>\n<h3>Tu evaluaci\u00f3n incluye:<\/h3>\n<ul>\n<li>Una auditor\u00eda completa del desempe\u00f1o de tus redes sociales.<\/li>\n<li>Una vista unificada de anal\u00edtica de tus clientes en todos tus canales sociales.<\/li>\n<li>Un vistazo a c\u00f3mo nuestra plataforma de gesti\u00f3n de redes sociales ofrece insights accionables y flujos de trabajo m\u00e1s inteligentes para elevar tu experiencia del cliente (CX).<\/li>\n<\/ul>\n<p><img loading=\"lazy\" decoding=\"async\" class=\"alignnone size-full wp-image-9656\" src=\"https:\/\/emplifi.io\/wp-content\/uploads\/2025\/02\/Trial-form-LP-OG-image-SMC-dashboard.webp\" alt=\"A visual of Emplifi's dashboard\" width=\"800\" height=\"527\" srcset=\"https:\/\/emplifi.io\/wp-content\/uploads\/2025\/02\/Trial-form-LP-OG-image-SMC-dashboard.webp 800w, https:\/\/emplifi.io\/wp-content\/uploads\/2025\/02\/Trial-form-LP-OG-image-SMC-dashboard-300x198.webp 300w, https:\/\/emplifi.io\/wp-content\/uploads\/2025\/02\/Trial-form-LP-OG-image-SMC-dashboard-768x506.webp 768w, https:\/\/emplifi.io\/wp-content\/uploads\/2025\/02\/Trial-form-LP-OG-image-SMC-dashboard-24x16.webp 24w, https:\/\/emplifi.io\/wp-content\/uploads\/2025\/02\/Trial-form-LP-OG-image-SMC-dashboard-36x24.webp 36w, https:\/\/emplifi.io\/wp-content\/uploads\/2025\/02\/Trial-form-LP-OG-image-SMC-dashboard-48x32.webp 48w\" sizes=\"auto, (max-width: 800px) 100vw, 800px\" \/><\/p>\n","add_bullets":false,"bullets":false,"marketo_form":"0","form_headline":"Comencemos con tu evaluaci\u00f3n gratuita","form_embed":"<script src=\"\/\/go.emplifi.io\/js\/forms2\/js\/forms2.min.js\"><\/script> <form id=\"mktoForm_4516\"><\/form> <script>MktoForms2.loadForm(\"\/\/go.emplifi.io\", \"284-ENW-442\", 4516);<\/script>","form_success_message":"Gracias. Nuestro equipo se pondr\u00e1 en contacto contigo para agendar tu evaluaci\u00f3n.","add_logos":false,"logos_headline":"","logos":[{"ID":4048,"id":4048,"title":"Canon_idCxBXGAMr_0","filename":"Canon_idCxBXGAMr_0.svg","filesize":1922,"url":"https:\/\/emplifi.io\/wp-content\/uploads\/2024\/10\/Canon_idCxBXGAMr_0.svg","link":"https:\/\/emplifi.io\/es\/canon_idcxbxgamr_0-2\/","alt":"","author":"1","description":"","caption":"","name":"canon_idcxbxgamr_0-2","status":"inherit","uploaded_to":0,"date":"2024-10-25 13:32:58","modified":"2024-10-25 13:32:58","menu_order":0,"mime_type":"image\/svg+xml","type":"image","subtype":"svg+xml","icon":"https:\/\/emplifi.io\/wp-includes\/images\/media\/default.png","width":1,"height":1,"sizes":{"thumbnail":"https:\/\/emplifi.io\/wp-content\/uploads\/2024\/10\/Canon_idCxBXGAMr_0.svg","thumbnail-width":150,"thumbnail-height":150,"medium":"https:\/\/emplifi.io\/wp-content\/uploads\/2024\/10\/Canon_idCxBXGAMr_0.svg","medium-width":300,"medium-height":300,"medium_large":"https:\/\/emplifi.io\/wp-content\/uploads\/2024\/10\/Canon_idCxBXGAMr_0.svg","medium_large-width":768,"medium_large-height":1,"large":"https:\/\/emplifi.io\/wp-content\/uploads\/2024\/10\/Canon_idCxBXGAMr_0.svg","large-width":1024,"large-height":1024,"1536x1536":"https:\/\/emplifi.io\/wp-content\/uploads\/2024\/10\/Canon_idCxBXGAMr_0.svg","1536x1536-width":1,"1536x1536-height":1,"2048x2048":"https:\/\/emplifi.io\/wp-content\/uploads\/2024\/10\/Canon_idCxBXGAMr_0.svg","2048x2048-width":1,"2048x2048-height":1,"fullscreen":"https:\/\/emplifi.io\/wp-content\/uploads\/2024\/10\/Canon_idCxBXGAMr_0.svg","fullscreen-width":1,"fullscreen-height":1,"menu-24x24":"https:\/\/emplifi.io\/wp-content\/uploads\/2024\/10\/Canon_idCxBXGAMr_0.svg","menu-24x24-width":1,"menu-24x24-height":1,"menu-36x36":"https:\/\/emplifi.io\/wp-content\/uploads\/2024\/10\/Canon_idCxBXGAMr_0.svg","menu-36x36-width":1,"menu-36x36-height":1,"menu-48x48":"https:\/\/emplifi.io\/wp-content\/uploads\/2024\/10\/Canon_idCxBXGAMr_0.svg","menu-48x48-width":1,"menu-48x48-height":1}},{"ID":4042,"id":4042,"title":"Sony_Logo_0","filename":"Sony_Logo_0.svg","filesize":2468,"url":"https:\/\/emplifi.io\/wp-content\/uploads\/2024\/10\/Sony_Logo_0.svg","link":"https:\/\/emplifi.io\/es\/sony_logo_0-2\/","alt":"","author":"1","description":"","caption":"","name":"sony_logo_0-2","status":"inherit","uploaded_to":0,"date":"2024-10-25 13:32:40","modified":"2024-10-25 13:32:40","menu_order":0,"mime_type":"image\/svg+xml","type":"image","subtype":"svg+xml","icon":"https:\/\/emplifi.io\/wp-includes\/images\/media\/default.png","width":1,"height":1,"sizes":{"thumbnail":"https:\/\/emplifi.io\/wp-content\/uploads\/2024\/10\/Sony_Logo_0.svg","thumbnail-width":150,"thumbnail-height":150,"medium":"https:\/\/emplifi.io\/wp-content\/uploads\/2024\/10\/Sony_Logo_0.svg","medium-width":300,"medium-height":300,"medium_large":"https:\/\/emplifi.io\/wp-content\/uploads\/2024\/10\/Sony_Logo_0.svg","medium_large-width":768,"medium_large-height":1,"large":"https:\/\/emplifi.io\/wp-content\/uploads\/2024\/10\/Sony_Logo_0.svg","large-width":1024,"large-height":1024,"1536x1536":"https:\/\/emplifi.io\/wp-content\/uploads\/2024\/10\/Sony_Logo_0.svg","1536x1536-width":1,"1536x1536-height":1,"2048x2048":"https:\/\/emplifi.io\/wp-content\/uploads\/2024\/10\/Sony_Logo_0.svg","2048x2048-width":1,"2048x2048-height":1,"fullscreen":"https:\/\/emplifi.io\/wp-content\/uploads\/2024\/10\/Sony_Logo_0.svg","fullscreen-width":1,"fullscreen-height":1,"menu-24x24":"https:\/\/emplifi.io\/wp-content\/uploads\/2024\/10\/Sony_Logo_0.svg","menu-24x24-width":1,"menu-24x24-height":1,"menu-36x36":"https:\/\/emplifi.io\/wp-content\/uploads\/2024\/10\/Sony_Logo_0.svg","menu-36x36-width":1,"menu-36x36-height":1,"menu-48x48":"https:\/\/emplifi.io\/wp-content\/uploads\/2024\/10\/Sony_Logo_0.svg","menu-48x48-width":1,"menu-48x48-height":1}},{"ID":4045,"id":4045,"title":"Toyota_Logo_0","filename":"Toyota_Logo_0.svg","filesize":2298,"url":"https:\/\/emplifi.io\/wp-content\/uploads\/2024\/10\/Toyota_Logo_0.svg","link":"https:\/\/emplifi.io\/es\/toyota_logo_0-2\/","alt":"","author":"1","description":"","caption":"","name":"toyota_logo_0-2","status":"inherit","uploaded_to":0,"date":"2024-10-25 13:32:48","modified":"2024-10-25 13:32:48","menu_order":0,"mime_type":"image\/svg+xml","type":"image","subtype":"svg+xml","icon":"https:\/\/emplifi.io\/wp-includes\/images\/media\/default.png","width":1,"height":1,"sizes":{"thumbnail":"https:\/\/emplifi.io\/wp-content\/uploads\/2024\/10\/Toyota_Logo_0.svg","thumbnail-width":150,"thumbnail-height":150,"medium":"https:\/\/emplifi.io\/wp-content\/uploads\/2024\/10\/Toyota_Logo_0.svg","medium-width":300,"medium-height":300,"medium_large":"https:\/\/emplifi.io\/wp-content\/uploads\/2024\/10\/Toyota_Logo_0.svg","medium_large-width":768,"medium_large-height":1,"large":"https:\/\/emplifi.io\/wp-content\/uploads\/2024\/10\/Toyota_Logo_0.svg","large-width":1024,"large-height":1024,"1536x1536":"https:\/\/emplifi.io\/wp-content\/uploads\/2024\/10\/Toyota_Logo_0.svg","1536x1536-width":1,"1536x1536-height":1,"2048x2048":"https:\/\/emplifi.io\/wp-content\/uploads\/2024\/10\/Toyota_Logo_0.svg","2048x2048-width":1,"2048x2048-height":1,"fullscreen":"https:\/\/emplifi.io\/wp-content\/uploads\/2024\/10\/Toyota_Logo_0.svg","fullscreen-width":1,"fullscreen-height":1,"menu-24x24":"https:\/\/emplifi.io\/wp-content\/uploads\/2024\/10\/Toyota_Logo_0.svg","menu-24x24-width":1,"menu-24x24-height":1,"menu-36x36":"https:\/\/emplifi.io\/wp-content\/uploads\/2024\/10\/Toyota_Logo_0.svg","menu-36x36-width":1,"menu-36x36-height":1,"menu-48x48":"https:\/\/emplifi.io\/wp-content\/uploads\/2024\/10\/Toyota_Logo_0.svg","menu-48x48-width":1,"menu-48x48-height":1}},{"ID":4063,"id":4063,"title":"Crocs_idikxpDx1Y_0","filename":"Crocs_idikxpDx1Y_0.svg","filesize":2466,"url":"https:\/\/emplifi.io\/wp-content\/uploads\/2024\/10\/Crocs_idikxpDx1Y_0.svg","link":"https:\/\/emplifi.io\/es\/crocs_idikxpdx1y_0-2\/","alt":"","author":"1","description":"","caption":"","name":"crocs_idikxpdx1y_0-2","status":"inherit","uploaded_to":0,"date":"2024-10-25 13:33:39","modified":"2024-10-25 13:33:39","menu_order":0,"mime_type":"image\/svg+xml","type":"image","subtype":"svg+xml","icon":"https:\/\/emplifi.io\/wp-includes\/images\/media\/default.png","width":1,"height":1,"sizes":{"thumbnail":"https:\/\/emplifi.io\/wp-content\/uploads\/2024\/10\/Crocs_idikxpDx1Y_0.svg","thumbnail-width":150,"thumbnail-height":150,"medium":"https:\/\/emplifi.io\/wp-content\/uploads\/2024\/10\/Crocs_idikxpDx1Y_0.svg","medium-width":300,"medium-height":300,"medium_large":"https:\/\/emplifi.io\/wp-content\/uploads\/2024\/10\/Crocs_idikxpDx1Y_0.svg","medium_large-width":768,"medium_large-height":1,"large":"https:\/\/emplifi.io\/wp-content\/uploads\/2024\/10\/Crocs_idikxpDx1Y_0.svg","large-width":1024,"large-height":1024,"1536x1536":"https:\/\/emplifi.io\/wp-content\/uploads\/2024\/10\/Crocs_idikxpDx1Y_0.svg","1536x1536-width":1,"1536x1536-height":1,"2048x2048":"https:\/\/emplifi.io\/wp-content\/uploads\/2024\/10\/Crocs_idikxpDx1Y_0.svg","2048x2048-width":1,"2048x2048-height":1,"fullscreen":"https:\/\/emplifi.io\/wp-content\/uploads\/2024\/10\/Crocs_idikxpDx1Y_0.svg","fullscreen-width":1,"fullscreen-height":1,"menu-24x24":"https:\/\/emplifi.io\/wp-content\/uploads\/2024\/10\/Crocs_idikxpDx1Y_0.svg","menu-24x24-width":1,"menu-24x24-height":1,"menu-36x36":"https:\/\/emplifi.io\/wp-content\/uploads\/2024\/10\/Crocs_idikxpDx1Y_0.svg","menu-36x36-width":1,"menu-36x36-height":1,"menu-48x48":"https:\/\/emplifi.io\/wp-content\/uploads\/2024\/10\/Crocs_idikxpDx1Y_0.svg","menu-48x48-width":1,"menu-48x48-height":1}},{"ID":4027,"id":4027,"title":"SC Johnson_idsXcKVAlL_1","filename":"SC-Johnson_idsXcKVAlL_1.svg","filesize":7769,"url":"https:\/\/emplifi.io\/wp-content\/uploads\/2024\/10\/SC-Johnson_idsXcKVAlL_1.svg","link":"https:\/\/emplifi.io\/es\/marketing-technology-partners\/sc-johnson_idsxckvall_1-2\/","alt":"","author":"1","description":"","caption":"","name":"sc-johnson_idsxckvall_1-2","status":"inherit","uploaded_to":10743,"date":"2024-10-25 12:55:06","modified":"2024-10-25 12:55:06","menu_order":0,"mime_type":"image\/svg+xml","type":"image","subtype":"svg+xml","icon":"https:\/\/emplifi.io\/wp-includes\/images\/media\/default.png","width":1000,"height":329,"sizes":{"thumbnail":"https:\/\/emplifi.io\/wp-content\/uploads\/2024\/10\/SC-Johnson_idsXcKVAlL_1.svg","thumbnail-width":150,"thumbnail-height":49,"medium":"https:\/\/emplifi.io\/wp-content\/uploads\/2024\/10\/SC-Johnson_idsXcKVAlL_1.svg","medium-width":300,"medium-height":99,"medium_large":"https:\/\/emplifi.io\/wp-content\/uploads\/2024\/10\/SC-Johnson_idsXcKVAlL_1.svg","medium_large-width":768,"medium_large-height":253,"large":"https:\/\/emplifi.io\/wp-content\/uploads\/2024\/10\/SC-Johnson_idsXcKVAlL_1.svg","large-width":1024,"large-height":337,"1536x1536":"https:\/\/emplifi.io\/wp-content\/uploads\/2024\/10\/SC-Johnson_idsXcKVAlL_1.svg","1536x1536-width":1000,"1536x1536-height":329,"2048x2048":"https:\/\/emplifi.io\/wp-content\/uploads\/2024\/10\/SC-Johnson_idsXcKVAlL_1.svg","2048x2048-width":1000,"2048x2048-height":329,"fullscreen":"https:\/\/emplifi.io\/wp-content\/uploads\/2024\/10\/SC-Johnson_idsXcKVAlL_1.svg","fullscreen-width":1000,"fullscreen-height":329,"menu-24x24":"https:\/\/emplifi.io\/wp-content\/uploads\/2024\/10\/SC-Johnson_idsXcKVAlL_1.svg","menu-24x24-width":24,"menu-24x24-height":8,"menu-36x36":"https:\/\/emplifi.io\/wp-content\/uploads\/2024\/10\/SC-Johnson_idsXcKVAlL_1.svg","menu-36x36-width":36,"menu-36x36-height":12,"menu-48x48":"https:\/\/emplifi.io\/wp-content\/uploads\/2024\/10\/SC-Johnson_idsXcKVAlL_1.svg","menu-48x48-width":48,"menu-48x48-height":16}},{"ID":4012,"id":4012,"title":"PUMA_idZScXivAN_1","filename":"PUMA_idZScXivAN_1.png","filesize":16253,"url":"https:\/\/emplifi.io\/wp-content\/uploads\/2024\/10\/PUMA_idZScXivAN_1.png","link":"https:\/\/emplifi.io\/es\/puma_idzscxivan_1-2\/","alt":"","author":"1","description":"","caption":"","name":"puma_idzscxivan_1-2","status":"inherit","uploaded_to":0,"date":"2024-10-25 12:43:52","modified":"2025-10-16 17:06:45","menu_order":0,"mime_type":"image\/png","type":"image","subtype":"png","icon":"https:\/\/emplifi.io\/wp-includes\/images\/media\/default.png","width":800,"height":398,"sizes":{"thumbnail":"https:\/\/emplifi.io\/wp-content\/uploads\/2024\/10\/PUMA_idZScXivAN_1-150x150.png","thumbnail-width":150,"thumbnail-height":150,"medium":"https:\/\/emplifi.io\/wp-content\/uploads\/2024\/10\/PUMA_idZScXivAN_1-300x149.png","medium-width":300,"medium-height":149,"medium_large":"https:\/\/emplifi.io\/wp-content\/uploads\/2024\/10\/PUMA_idZScXivAN_1-768x382.png","medium_large-width":768,"medium_large-height":382,"large":"https:\/\/emplifi.io\/wp-content\/uploads\/2024\/10\/PUMA_idZScXivAN_1.png","large-width":800,"large-height":398,"1536x1536":"https:\/\/emplifi.io\/wp-content\/uploads\/2024\/10\/PUMA_idZScXivAN_1.png","1536x1536-width":800,"1536x1536-height":398,"2048x2048":"https:\/\/emplifi.io\/wp-content\/uploads\/2024\/10\/PUMA_idZScXivAN_1.png","2048x2048-width":800,"2048x2048-height":398,"fullscreen":"https:\/\/emplifi.io\/wp-content\/uploads\/2024\/10\/PUMA_idZScXivAN_1.png","fullscreen-width":800,"fullscreen-height":398,"menu-24x24":"https:\/\/emplifi.io\/wp-content\/uploads\/2024\/10\/PUMA_idZScXivAN_1.png","menu-24x24-width":24,"menu-24x24-height":12,"menu-36x36":"https:\/\/emplifi.io\/wp-content\/uploads\/2024\/10\/PUMA_idZScXivAN_1.png","menu-36x36-width":36,"menu-36x36-height":18,"menu-48x48":"https:\/\/emplifi.io\/wp-content\/uploads\/2024\/10\/PUMA_idZScXivAN_1.png","menu-48x48-width":48,"menu-48x48-height":24}},{"ID":4015,"id":4015,"title":"Audi_idIWfEi_IW_1","filename":"Audi_idIWfEi_IW_1.png","filesize":20389,"url":"https:\/\/emplifi.io\/wp-content\/uploads\/2024\/10\/Audi_idIWfEi_IW_1.png","link":"https:\/\/emplifi.io\/es\/marketing-technology-partners\/audi_idiwfei_iw_1-2\/","alt":"","author":"1","description":"","caption":"","name":"audi_idiwfei_iw_1-2","status":"inherit","uploaded_to":10743,"date":"2024-10-25 12:43:59","modified":"2026-04-01 22:48:03","menu_order":0,"mime_type":"image\/png","type":"image","subtype":"png","icon":"https:\/\/emplifi.io\/wp-includes\/images\/media\/default.png","width":800,"height":278,"sizes":{"thumbnail":"https:\/\/emplifi.io\/wp-content\/uploads\/2024\/10\/Audi_idIWfEi_IW_1-150x150.png","thumbnail-width":150,"thumbnail-height":150,"medium":"https:\/\/emplifi.io\/wp-content\/uploads\/2024\/10\/Audi_idIWfEi_IW_1-300x104.png","medium-width":300,"medium-height":104,"medium_large":"https:\/\/emplifi.io\/wp-content\/uploads\/2024\/10\/Audi_idIWfEi_IW_1-768x267.png","medium_large-width":768,"medium_large-height":267,"large":"https:\/\/emplifi.io\/wp-content\/uploads\/2024\/10\/Audi_idIWfEi_IW_1.png","large-width":800,"large-height":278,"1536x1536":"https:\/\/emplifi.io\/wp-content\/uploads\/2024\/10\/Audi_idIWfEi_IW_1.png","1536x1536-width":800,"1536x1536-height":278,"2048x2048":"https:\/\/emplifi.io\/wp-content\/uploads\/2024\/10\/Audi_idIWfEi_IW_1.png","2048x2048-width":800,"2048x2048-height":278,"fullscreen":"https:\/\/emplifi.io\/wp-content\/uploads\/2024\/10\/Audi_idIWfEi_IW_1.png","fullscreen-width":800,"fullscreen-height":278,"menu-24x24":"https:\/\/emplifi.io\/wp-content\/uploads\/2024\/10\/Audi_idIWfEi_IW_1.png","menu-24x24-width":24,"menu-24x24-height":8,"menu-36x36":"https:\/\/emplifi.io\/wp-content\/uploads\/2024\/10\/Audi_idIWfEi_IW_1.png","menu-36x36-width":36,"menu-36x36-height":13,"menu-48x48":"https:\/\/emplifi.io\/wp-content\/uploads\/2024\/10\/Audi_idIWfEi_IW_1.png","menu-48x48-width":48,"menu-48x48-height":17}}],"hero_image":false},"logo_scroller_group":{"show_section":true,"section_subhead":"","section_headline":"Maximiza el impacto y los ingresos con una soluci\u00f3n todo-en-uno para redes sociales","section_text":"","use_global_logos":true,"logo_scroller":false},"customer_story_group":{"show_section":true,"section_subhead":"Casos de \u00e9xito","section_headline":"C\u00f3mo impulsamos tu marketing en redes sociales","section_text":"","section_button":null,"customer_story":[9682,14714,9686,9684,9689,18282]},"faqs_group":{"show_section":false,"section_subhead":"","section_headline":"","section_text":"","faqs":[{"title":"","content":""},{"title":"","content":""},{"title":"","content":""},{"title":"","content":""},{"title":"","content":""},{"title":"","content":""}],"disclaimer_text":"","add_additional_sections":false,"additional_faq_sections":false},"remove_gtm":false,"page_cta_group":{"show_section":false,"use_global_cta":true,"section_subhead":"","section_headline":"","section_text_left":"","section_text_right":"","section_button":null},"awards_group":{"show_section":false,"use_global_awards_text":true,"section_subhead":"","section_headline":"","section_text":"","use_global_awards":true,"awards":false}},"_links":{"self":[{"href":"https:\/\/emplifi.io\/es\/wp-json\/wp\/v2\/pages\/19008","targetHints":{"allow":["GET"]}}],"collection":[{"href":"https:\/\/emplifi.io\/es\/wp-json\/wp\/v2\/pages"}],"about":[{"href":"https:\/\/emplifi.io\/es\/wp-json\/wp\/v2\/types\/page"}],"author":[{"embeddable":true,"href":"https:\/\/emplifi.io\/es\/wp-json\/wp\/v2\/users\/21"}],"replies":[{"embeddable":true,"href":"https:\/\/emplifi.io\/es\/wp-json\/wp\/v2\/comments?post=19008"}],"version-history":[{"count":0,"href":"https:\/\/emplifi.io\/es\/wp-json\/wp\/v2\/pages\/19008\/revisions"}],"wp:featuredmedia":[{"embeddable":true,"href":"https:\/\/emplifi.io\/es\/wp-json\/wp\/v2\/media\/17422"}],"wp:attachment":[{"href":"https:\/\/emplifi.io\/es\/wp-json\/wp\/v2\/media?parent=19008"}],"curies":[{"name":"wp","href":"https:\/\/api.w.org\/{rel}","templated":true}]}}