{"id":19387,"date":"2025-08-14T17:45:53","date_gmt":"2025-08-14T17:45:53","guid":{"rendered":"https:\/\/emplifistg.wpenginepowered.com\/free-social-media-assessment\/"},"modified":"2026-01-26T15:45:45","modified_gmt":"2026-01-26T15:45:45","slug":"audit-performance-social-media-gratuit","status":"publish","type":"page","link":"https:\/\/emplifi.io\/fr\/audit-performance-social-media-gratuit\/","title":{"rendered":"Demo: Free Social Media Assessment (FR)"},"content":{"rendered":"","protected":false},"excerpt":{"rendered":"","protected":false},"author":46,"featured_media":17419,"parent":0,"menu_order":0,"comment_status":"closed","ping_status":"closed","template":"page-templates\/demo.php","meta":{"inline_featured_image":false,"footnotes":""},"class_list":["post-19387","page","type-page","status-publish","has-post-thumbnail","hentry"],"acf":{"logo_scroller_group":{"show_section":true,"section_subhead":"","section_headline":"Augmentez vos revenus et votre fid\u00e9lit\u00e9 \u00e0 grande \u00e9chelle avec une solution unifi\u00e9e de gestion des r\u00e9seaux sociaux","section_text":"","use_global_logos":true,"logo_scroller":false},"faqs_group":{"show_section":false,"section_subhead":"Frequently Asked Questions","section_headline":"Questions? We have the answers!","section_text":"<p>Our FAQ section is enriched by the genuine questions and feedback from our diverse client base. We believe in the power of real experiences to inform and guide our community, valuing the honesty and perspectives of all our clients.<\/p>\n","faqs":[{"title":"What happens during a demo?","content":"<p>During the demo, a member of our team will walk you through the features and benefits of your solution of interest. You\u2019ll have the opportunity to see how each product works in real time, ask questions, and explore how it can be used to meet your specific needs.<\/p>\n"},{"title":"How long does a demo take? ","content":"<p>Our demos typically last 30 to 45 minutes. However, we can adjust the time depending on your schedule or the complexity of your requirements.<\/p>\n"},{"title":"How do I book a demo?","content":"<p>To book a demo, fill out the form on this page with your contact details, or engage with us via chat to identify the solutions you&rsquo;re interested in. Once submitted, you\u2019ll receive a communication from a member of our client services team to schedule the time and date of your demo session.<\/p>\n"},{"title":"Do I need to prepare anything before the demo? ","content":"<p>No extensive preparation is needed. However, it may be helpful to have a list of specific questions or challenges you\u2019re facing so we can focus the demo on the areas that matter most to you.<\/p>\n"},{"title":"What if I need to reschedule or cancel my demo?","content":"<p>No problem at all. You can reschedule or cancel your demo using the link in your confirmation email or by contacting our team directly. We\u2019ll work with you to find a better time.<\/p>\n"},{"title":"What if I need a customized demo for my business?","content":"<p>We\u2019re happy to tailor the demo to your specific needs. Please let us know if there are any particular features or use cases you\u2019d like us to focus on, and we\u2019ll customize the session accordingly.<\/p>\n"}],"disclaimer_text":"","add_additional_sections":false,"additional_faq_sections":false},"page_cta_group":{"show_section":false,"use_global_cta":true,"section_subhead":"","section_headline":"","section_text_left":"","section_text_right":"","section_button":null},"awards_group":{"show_section":true,"use_global_awards_text":true,"section_subhead":"","section_headline":"","section_text":"","use_global_awards":true,"awards":false},"hero_form_group":{"subhead":"","headline":"Votre strat\u00e9gie social media est-elle vraiment comp\u00e9titive ? Faites le test.","text":"<p>Obtenez un <strong>audit gratuit et personnalis\u00e9<\/strong> par Emplifi. Comparez vos performances aux standards du march\u00e9 et identifiez les leviers concrets pour affirmer image voix de marque, fluidifier la collaboration de vos \u00e9quipes et maximiser votre ROI social.<\/p>\n<h3>Votre analyse inclut :<\/h3>\n<ul>\n<li>Un audit 360\u00b0 de la performance de vos r\u00e9seaux sociaux.<\/li>\n<li>Une vue unifi\u00e9e de vos analytics clients sur l\u2019ensemble de vos canaux.<\/li>\n<li>Un aper\u00e7u exclusif de notre plateforme : d\u00e9couvrez comment nos insights et nos workflows intelligents transforment votre exp\u00e9rience client (CX).<\/li>\n<\/ul>\n<p><img loading=\"lazy\" decoding=\"async\" class=\"alignnone size-full wp-image-9656\" src=\"https:\/\/emplifi.io\/wp-content\/uploads\/2025\/02\/Trial-form-LP-OG-image-SMC-dashboard.webp\" alt=\"A visual of Emplifi's dashboard\" width=\"800\" height=\"527\" srcset=\"https:\/\/emplifi.io\/wp-content\/uploads\/2025\/02\/Trial-form-LP-OG-image-SMC-dashboard.webp 800w, https:\/\/emplifi.io\/wp-content\/uploads\/2025\/02\/Trial-form-LP-OG-image-SMC-dashboard-300x198.webp 300w, https:\/\/emplifi.io\/wp-content\/uploads\/2025\/02\/Trial-form-LP-OG-image-SMC-dashboard-768x506.webp 768w, https:\/\/emplifi.io\/wp-content\/uploads\/2025\/02\/Trial-form-LP-OG-image-SMC-dashboard-24x16.webp 24w, https:\/\/emplifi.io\/wp-content\/uploads\/2025\/02\/Trial-form-LP-OG-image-SMC-dashboard-36x24.webp 36w, https:\/\/emplifi.io\/wp-content\/uploads\/2025\/02\/Trial-form-LP-OG-image-SMC-dashboard-48x32.webp 48w\" sizes=\"auto, (max-width: 800px) 100vw, 800px\" \/><\/p>\n<div id=\"message-list_1759431605.578409\" class=\"c-virtual_list__item\" tabindex=\"-1\" role=\"listitem\" aria-setsize=\"-1\" data-qa=\"virtual-list-item\" data-item-key=\"1759431605.578409\">\n<div class=\"c-message_kit__background c-message_kit__background--hovered p-message_pane_message__message c-message_kit__message\" role=\"presentation\" data-qa=\"message_container\" data-qa-unprocessed=\"false\" data-qa-placeholder=\"false\">\n<div class=\"c-message_kit__hover c-message_kit__hover--hovered\" role=\"document\" aria-roledescription=\"message\" data-qa-hover=\"true\">\n<div class=\"c-message_kit__actions c-message_kit__actions--default\">\n<div class=\"c-message_kit__gutter\">\n<div class=\"c-message_kit__gutter__left\" role=\"presentation\" data-stringify-ignore=\"true\"><\/div>\n<\/div>\n<\/div>\n<\/div>\n<\/div>\n<\/div>\n","add_bullets":false,"bullets":false,"marketo_form":false,"form_headline":"Demander mon audit gratuit","form_embed":"<script type=\"text\/javascript\" src=\"https:\/\/go.emplifi.io\/js\/forms2\/js\/forms2.min.js\"><\/script>\r\n<form id=\"mktoForm_4528\"><\/form>\r\n<script>MktoForms2.loadForm(\"https:\/\/go.emplifi.io\", \"284-ENW-442\", 4528);<\/script>","form_success_message":"Merci. Un membre de notre \u00e9quipe vous contactera bient\u00f4t pour planifier votre \u00e9valuation.","add_logos":false,"logos_headline":"The world\u2019s most innovative companies use Emplifi","logos":[{"ID":4046,"id":4046,"title":"Canon_idCxBXGAMr_0","filename":"Canon_idCxBXGAMr_0.svg","filesize":1922,"url":"https:\/\/emplifi.io\/wp-content\/uploads\/2024\/10\/Canon_idCxBXGAMr_0.svg","link":"https:\/\/emplifi.io\/fr\/canon_idcxbxgamr_0-2\/","alt":"","author":"1","description":"","caption":"","name":"canon_idcxbxgamr_0-2","status":"inherit","uploaded_to":0,"date":"2024-10-25 13:32:58","modified":"2024-10-25 13:32:58","menu_order":0,"mime_type":"image\/svg+xml","type":"image","subtype":"svg+xml","icon":"https:\/\/emplifi.io\/wp-includes\/images\/media\/default.png","width":1,"height":1,"sizes":{"thumbnail":"https:\/\/emplifi.io\/wp-content\/uploads\/2024\/10\/Canon_idCxBXGAMr_0.svg","thumbnail-width":150,"thumbnail-height":150,"medium":"https:\/\/emplifi.io\/wp-content\/uploads\/2024\/10\/Canon_idCxBXGAMr_0.svg","medium-width":300,"medium-height":300,"medium_large":"https:\/\/emplifi.io\/wp-content\/uploads\/2024\/10\/Canon_idCxBXGAMr_0.svg","medium_large-width":768,"medium_large-height":1,"large":"https:\/\/emplifi.io\/wp-content\/uploads\/2024\/10\/Canon_idCxBXGAMr_0.svg","large-width":1024,"large-height":1024,"1536x1536":"https:\/\/emplifi.io\/wp-content\/uploads\/2024\/10\/Canon_idCxBXGAMr_0.svg","1536x1536-width":1,"1536x1536-height":1,"2048x2048":"https:\/\/emplifi.io\/wp-content\/uploads\/2024\/10\/Canon_idCxBXGAMr_0.svg","2048x2048-width":1,"2048x2048-height":1,"fullscreen":"https:\/\/emplifi.io\/wp-content\/uploads\/2024\/10\/Canon_idCxBXGAMr_0.svg","fullscreen-width":1,"fullscreen-height":1,"menu-24x24":"https:\/\/emplifi.io\/wp-content\/uploads\/2024\/10\/Canon_idCxBXGAMr_0.svg","menu-24x24-width":1,"menu-24x24-height":1,"menu-36x36":"https:\/\/emplifi.io\/wp-content\/uploads\/2024\/10\/Canon_idCxBXGAMr_0.svg","menu-36x36-width":1,"menu-36x36-height":1,"menu-48x48":"https:\/\/emplifi.io\/wp-content\/uploads\/2024\/10\/Canon_idCxBXGAMr_0.svg","menu-48x48-width":1,"menu-48x48-height":1}},{"ID":4040,"id":4040,"title":"Sony_Logo_0","filename":"Sony_Logo_0.svg","filesize":2468,"url":"https:\/\/emplifi.io\/wp-content\/uploads\/2024\/10\/Sony_Logo_0.svg","link":"https:\/\/emplifi.io\/fr\/sony_logo_0-2\/","alt":"","author":"1","description":"","caption":"","name":"sony_logo_0-2","status":"inherit","uploaded_to":0,"date":"2024-10-25 13:32:40","modified":"2024-10-25 13:32:40","menu_order":0,"mime_type":"image\/svg+xml","type":"image","subtype":"svg+xml","icon":"https:\/\/emplifi.io\/wp-includes\/images\/media\/default.png","width":1,"height":1,"sizes":{"thumbnail":"https:\/\/emplifi.io\/wp-content\/uploads\/2024\/10\/Sony_Logo_0.svg","thumbnail-width":150,"thumbnail-height":150,"medium":"https:\/\/emplifi.io\/wp-content\/uploads\/2024\/10\/Sony_Logo_0.svg","medium-width":300,"medium-height":300,"medium_large":"https:\/\/emplifi.io\/wp-content\/uploads\/2024\/10\/Sony_Logo_0.svg","medium_large-width":768,"medium_large-height":1,"large":"https:\/\/emplifi.io\/wp-content\/uploads\/2024\/10\/Sony_Logo_0.svg","large-width":1024,"large-height":1024,"1536x1536":"https:\/\/emplifi.io\/wp-content\/uploads\/2024\/10\/Sony_Logo_0.svg","1536x1536-width":1,"1536x1536-height":1,"2048x2048":"https:\/\/emplifi.io\/wp-content\/uploads\/2024\/10\/Sony_Logo_0.svg","2048x2048-width":1,"2048x2048-height":1,"fullscreen":"https:\/\/emplifi.io\/wp-content\/uploads\/2024\/10\/Sony_Logo_0.svg","fullscreen-width":1,"fullscreen-height":1,"menu-24x24":"https:\/\/emplifi.io\/wp-content\/uploads\/2024\/10\/Sony_Logo_0.svg","menu-24x24-width":1,"menu-24x24-height":1,"menu-36x36":"https:\/\/emplifi.io\/wp-content\/uploads\/2024\/10\/Sony_Logo_0.svg","menu-36x36-width":1,"menu-36x36-height":1,"menu-48x48":"https:\/\/emplifi.io\/wp-content\/uploads\/2024\/10\/Sony_Logo_0.svg","menu-48x48-width":1,"menu-48x48-height":1}},{"ID":4043,"id":4043,"title":"Toyota_Logo_0","filename":"Toyota_Logo_0.svg","filesize":2298,"url":"https:\/\/emplifi.io\/wp-content\/uploads\/2024\/10\/Toyota_Logo_0.svg","link":"https:\/\/emplifi.io\/fr\/toyota_logo_0-2\/","alt":"","author":"1","description":"","caption":"","name":"toyota_logo_0-2","status":"inherit","uploaded_to":0,"date":"2024-10-25 13:32:48","modified":"2024-10-25 13:32:48","menu_order":0,"mime_type":"image\/svg+xml","type":"image","subtype":"svg+xml","icon":"https:\/\/emplifi.io\/wp-includes\/images\/media\/default.png","width":1,"height":1,"sizes":{"thumbnail":"https:\/\/emplifi.io\/wp-content\/uploads\/2024\/10\/Toyota_Logo_0.svg","thumbnail-width":150,"thumbnail-height":150,"medium":"https:\/\/emplifi.io\/wp-content\/uploads\/2024\/10\/Toyota_Logo_0.svg","medium-width":300,"medium-height":300,"medium_large":"https:\/\/emplifi.io\/wp-content\/uploads\/2024\/10\/Toyota_Logo_0.svg","medium_large-width":768,"medium_large-height":1,"large":"https:\/\/emplifi.io\/wp-content\/uploads\/2024\/10\/Toyota_Logo_0.svg","large-width":1024,"large-height":1024,"1536x1536":"https:\/\/emplifi.io\/wp-content\/uploads\/2024\/10\/Toyota_Logo_0.svg","1536x1536-width":1,"1536x1536-height":1,"2048x2048":"https:\/\/emplifi.io\/wp-content\/uploads\/2024\/10\/Toyota_Logo_0.svg","2048x2048-width":1,"2048x2048-height":1,"fullscreen":"https:\/\/emplifi.io\/wp-content\/uploads\/2024\/10\/Toyota_Logo_0.svg","fullscreen-width":1,"fullscreen-height":1,"menu-24x24":"https:\/\/emplifi.io\/wp-content\/uploads\/2024\/10\/Toyota_Logo_0.svg","menu-24x24-width":1,"menu-24x24-height":1,"menu-36x36":"https:\/\/emplifi.io\/wp-content\/uploads\/2024\/10\/Toyota_Logo_0.svg","menu-36x36-width":1,"menu-36x36-height":1,"menu-48x48":"https:\/\/emplifi.io\/wp-content\/uploads\/2024\/10\/Toyota_Logo_0.svg","menu-48x48-width":1,"menu-48x48-height":1}},{"ID":4061,"id":4061,"title":"Crocs_idikxpDx1Y_0","filename":"Crocs_idikxpDx1Y_0.svg","filesize":2466,"url":"https:\/\/emplifi.io\/wp-content\/uploads\/2024\/10\/Crocs_idikxpDx1Y_0.svg","link":"https:\/\/emplifi.io\/fr\/crocs_idikxpdx1y_0-2\/","alt":"","author":"1","description":"","caption":"","name":"crocs_idikxpdx1y_0-2","status":"inherit","uploaded_to":0,"date":"2024-10-25 13:33:39","modified":"2024-10-25 13:33:39","menu_order":0,"mime_type":"image\/svg+xml","type":"image","subtype":"svg+xml","icon":"https:\/\/emplifi.io\/wp-includes\/images\/media\/default.png","width":1,"height":1,"sizes":{"thumbnail":"https:\/\/emplifi.io\/wp-content\/uploads\/2024\/10\/Crocs_idikxpDx1Y_0.svg","thumbnail-width":150,"thumbnail-height":150,"medium":"https:\/\/emplifi.io\/wp-content\/uploads\/2024\/10\/Crocs_idikxpDx1Y_0.svg","medium-width":300,"medium-height":300,"medium_large":"https:\/\/emplifi.io\/wp-content\/uploads\/2024\/10\/Crocs_idikxpDx1Y_0.svg","medium_large-width":768,"medium_large-height":1,"large":"https:\/\/emplifi.io\/wp-content\/uploads\/2024\/10\/Crocs_idikxpDx1Y_0.svg","large-width":1024,"large-height":1024,"1536x1536":"https:\/\/emplifi.io\/wp-content\/uploads\/2024\/10\/Crocs_idikxpDx1Y_0.svg","1536x1536-width":1,"1536x1536-height":1,"2048x2048":"https:\/\/emplifi.io\/wp-content\/uploads\/2024\/10\/Crocs_idikxpDx1Y_0.svg","2048x2048-width":1,"2048x2048-height":1,"fullscreen":"https:\/\/emplifi.io\/wp-content\/uploads\/2024\/10\/Crocs_idikxpDx1Y_0.svg","fullscreen-width":1,"fullscreen-height":1,"menu-24x24":"https:\/\/emplifi.io\/wp-content\/uploads\/2024\/10\/Crocs_idikxpDx1Y_0.svg","menu-24x24-width":1,"menu-24x24-height":1,"menu-36x36":"https:\/\/emplifi.io\/wp-content\/uploads\/2024\/10\/Crocs_idikxpDx1Y_0.svg","menu-36x36-width":1,"menu-36x36-height":1,"menu-48x48":"https:\/\/emplifi.io\/wp-content\/uploads\/2024\/10\/Crocs_idikxpDx1Y_0.svg","menu-48x48-width":1,"menu-48x48-height":1}},{"ID":4025,"id":4025,"title":"SC Johnson_idsXcKVAlL_1","filename":"SC-Johnson_idsXcKVAlL_1.svg","filesize":7769,"url":"https:\/\/emplifi.io\/wp-content\/uploads\/2024\/10\/SC-Johnson_idsXcKVAlL_1.svg","link":"https:\/\/emplifi.io\/fr\/marketing-technology-partners\/sc-johnson_idsxckvall_1-2\/","alt":"","author":"1","description":"","caption":"","name":"sc-johnson_idsxckvall_1-2","status":"inherit","uploaded_to":10738,"date":"2024-10-25 12:55:06","modified":"2024-10-25 12:55:06","menu_order":0,"mime_type":"image\/svg+xml","type":"image","subtype":"svg+xml","icon":"https:\/\/emplifi.io\/wp-includes\/images\/media\/default.png","width":1000,"height":329,"sizes":{"thumbnail":"https:\/\/emplifi.io\/wp-content\/uploads\/2024\/10\/SC-Johnson_idsXcKVAlL_1.svg","thumbnail-width":150,"thumbnail-height":49,"medium":"https:\/\/emplifi.io\/wp-content\/uploads\/2024\/10\/SC-Johnson_idsXcKVAlL_1.svg","medium-width":300,"medium-height":99,"medium_large":"https:\/\/emplifi.io\/wp-content\/uploads\/2024\/10\/SC-Johnson_idsXcKVAlL_1.svg","medium_large-width":768,"medium_large-height":253,"large":"https:\/\/emplifi.io\/wp-content\/uploads\/2024\/10\/SC-Johnson_idsXcKVAlL_1.svg","large-width":1024,"large-height":337,"1536x1536":"https:\/\/emplifi.io\/wp-content\/uploads\/2024\/10\/SC-Johnson_idsXcKVAlL_1.svg","1536x1536-width":1000,"1536x1536-height":329,"2048x2048":"https:\/\/emplifi.io\/wp-content\/uploads\/2024\/10\/SC-Johnson_idsXcKVAlL_1.svg","2048x2048-width":1000,"2048x2048-height":329,"fullscreen":"https:\/\/emplifi.io\/wp-content\/uploads\/2024\/10\/SC-Johnson_idsXcKVAlL_1.svg","fullscreen-width":1000,"fullscreen-height":329,"menu-24x24":"https:\/\/emplifi.io\/wp-content\/uploads\/2024\/10\/SC-Johnson_idsXcKVAlL_1.svg","menu-24x24-width":24,"menu-24x24-height":8,"menu-36x36":"https:\/\/emplifi.io\/wp-content\/uploads\/2024\/10\/SC-Johnson_idsXcKVAlL_1.svg","menu-36x36-width":36,"menu-36x36-height":12,"menu-48x48":"https:\/\/emplifi.io\/wp-content\/uploads\/2024\/10\/SC-Johnson_idsXcKVAlL_1.svg","menu-48x48-width":48,"menu-48x48-height":16}},{"ID":4010,"id":4010,"title":"PUMA_idZScXivAN_1","filename":"PUMA_idZScXivAN_1.png","filesize":16253,"url":"https:\/\/emplifi.io\/wp-content\/uploads\/2024\/10\/PUMA_idZScXivAN_1.png","link":"https:\/\/emplifi.io\/fr\/puma_idzscxivan_1-2\/","alt":"","author":"1","description":"","caption":"","name":"puma_idzscxivan_1-2","status":"inherit","uploaded_to":0,"date":"2024-10-25 12:43:52","modified":"2025-10-16 17:06:45","menu_order":0,"mime_type":"image\/png","type":"image","subtype":"png","icon":"https:\/\/emplifi.io\/wp-includes\/images\/media\/default.png","width":800,"height":398,"sizes":{"thumbnail":"https:\/\/emplifi.io\/wp-content\/uploads\/2024\/10\/PUMA_idZScXivAN_1-150x150.png","thumbnail-width":150,"thumbnail-height":150,"medium":"https:\/\/emplifi.io\/wp-content\/uploads\/2024\/10\/PUMA_idZScXivAN_1-300x149.png","medium-width":300,"medium-height":149,"medium_large":"https:\/\/emplifi.io\/wp-content\/uploads\/2024\/10\/PUMA_idZScXivAN_1-768x382.png","medium_large-width":768,"medium_large-height":382,"large":"https:\/\/emplifi.io\/wp-content\/uploads\/2024\/10\/PUMA_idZScXivAN_1.png","large-width":800,"large-height":398,"1536x1536":"https:\/\/emplifi.io\/wp-content\/uploads\/2024\/10\/PUMA_idZScXivAN_1.png","1536x1536-width":800,"1536x1536-height":398,"2048x2048":"https:\/\/emplifi.io\/wp-content\/uploads\/2024\/10\/PUMA_idZScXivAN_1.png","2048x2048-width":800,"2048x2048-height":398,"fullscreen":"https:\/\/emplifi.io\/wp-content\/uploads\/2024\/10\/PUMA_idZScXivAN_1.png","fullscreen-width":800,"fullscreen-height":398,"menu-24x24":"https:\/\/emplifi.io\/wp-content\/uploads\/2024\/10\/PUMA_idZScXivAN_1.png","menu-24x24-width":24,"menu-24x24-height":12,"menu-36x36":"https:\/\/emplifi.io\/wp-content\/uploads\/2024\/10\/PUMA_idZScXivAN_1.png","menu-36x36-width":36,"menu-36x36-height":18,"menu-48x48":"https:\/\/emplifi.io\/wp-content\/uploads\/2024\/10\/PUMA_idZScXivAN_1.png","menu-48x48-width":48,"menu-48x48-height":24}},{"ID":4013,"id":4013,"title":"Audi_idIWfEi_IW_1","filename":"Audi_idIWfEi_IW_1.png","filesize":20389,"url":"https:\/\/emplifi.io\/wp-content\/uploads\/2024\/10\/Audi_idIWfEi_IW_1.png","link":"https:\/\/emplifi.io\/fr\/marketing-technology-partners\/audi_idiwfei_iw_1-2\/","alt":"","author":"1","description":"","caption":"","name":"audi_idiwfei_iw_1-2","status":"inherit","uploaded_to":10738,"date":"2024-10-25 12:43:59","modified":"2026-04-01 22:48:03","menu_order":0,"mime_type":"image\/png","type":"image","subtype":"png","icon":"https:\/\/emplifi.io\/wp-includes\/images\/media\/default.png","width":800,"height":278,"sizes":{"thumbnail":"https:\/\/emplifi.io\/wp-content\/uploads\/2024\/10\/Audi_idIWfEi_IW_1-150x150.png","thumbnail-width":150,"thumbnail-height":150,"medium":"https:\/\/emplifi.io\/wp-content\/uploads\/2024\/10\/Audi_idIWfEi_IW_1-300x104.png","medium-width":300,"medium-height":104,"medium_large":"https:\/\/emplifi.io\/wp-content\/uploads\/2024\/10\/Audi_idIWfEi_IW_1-768x267.png","medium_large-width":768,"medium_large-height":267,"large":"https:\/\/emplifi.io\/wp-content\/uploads\/2024\/10\/Audi_idIWfEi_IW_1.png","large-width":800,"large-height":278,"1536x1536":"https:\/\/emplifi.io\/wp-content\/uploads\/2024\/10\/Audi_idIWfEi_IW_1.png","1536x1536-width":800,"1536x1536-height":278,"2048x2048":"https:\/\/emplifi.io\/wp-content\/uploads\/2024\/10\/Audi_idIWfEi_IW_1.png","2048x2048-width":800,"2048x2048-height":278,"fullscreen":"https:\/\/emplifi.io\/wp-content\/uploads\/2024\/10\/Audi_idIWfEi_IW_1.png","fullscreen-width":800,"fullscreen-height":278,"menu-24x24":"https:\/\/emplifi.io\/wp-content\/uploads\/2024\/10\/Audi_idIWfEi_IW_1.png","menu-24x24-width":24,"menu-24x24-height":8,"menu-36x36":"https:\/\/emplifi.io\/wp-content\/uploads\/2024\/10\/Audi_idIWfEi_IW_1.png","menu-36x36-width":36,"menu-36x36-height":13,"menu-48x48":"https:\/\/emplifi.io\/wp-content\/uploads\/2024\/10\/Audi_idIWfEi_IW_1.png","menu-48x48-width":48,"menu-48x48-height":17}}],"hero_image":false},"customer_story_group":{"show_section":true,"section_subhead":"Succ\u00e8s clients","section_headline":"Pourquoi nos clients nous font confiance","section_text":"","section_button":null,"customer_story":[16481]},"hide_main_menu":true,"remove_gtm":false},"_links":{"self":[{"href":"https:\/\/emplifi.io\/fr\/wp-json\/wp\/v2\/pages\/19387","targetHints":{"allow":["GET"]}}],"collection":[{"href":"https:\/\/emplifi.io\/fr\/wp-json\/wp\/v2\/pages"}],"about":[{"href":"https:\/\/emplifi.io\/fr\/wp-json\/wp\/v2\/types\/page"}],"author":[{"embeddable":true,"href":"https:\/\/emplifi.io\/fr\/wp-json\/wp\/v2\/users\/46"}],"replies":[{"embeddable":true,"href":"https:\/\/emplifi.io\/fr\/wp-json\/wp\/v2\/comments?post=19387"}],"version-history":[{"count":0,"href":"https:\/\/emplifi.io\/fr\/wp-json\/wp\/v2\/pages\/19387\/revisions"}],"wp:featuredmedia":[{"embeddable":true,"href":"https:\/\/emplifi.io\/fr\/wp-json\/wp\/v2\/media\/17419"}],"wp:attachment":[{"href":"https:\/\/emplifi.io\/fr\/wp-json\/wp\/v2\/media?parent=19387"}],"curies":[{"name":"wp","href":"https:\/\/api.w.org\/{rel}","templated":true}]}}