{"id":9838,"date":"2024-10-31T13:39:25","date_gmt":"2024-10-31T13:39:25","guid":{"rendered":"https:\/\/emplifistg.wpenginepowered.com\/careers\/"},"modified":"2025-10-23T19:11:09","modified_gmt":"2025-10-23T19:11:09","slug":"careers","status":"publish","type":"page","link":"https:\/\/emplifi.io\/fr\/careers\/","title":{"rendered":"Careers"},"content":{"rendered":"","protected":false},"excerpt":{"rendered":"","protected":false},"author":1,"featured_media":14072,"parent":0,"menu_order":0,"comment_status":"closed","ping_status":"closed","template":"page-templates\/careers.php","meta":{"inline_featured_image":false,"footnotes":""},"class_list":["post-9838","page","type-page","status-publish","has-post-thumbnail","hentry"],"acf":{"page_cta_group":{"show_section":false,"use_global_cta":true,"section_subhead":"","section_headline":"","section_text_left":"","section_text_right":"","section_button":null},"awards_group":{"show_section":true,"use_global_awards_text":true,"section_subhead":"","section_headline":"","section_text":"","use_global_awards":true,"awards":false},"hero_curved_shape_group":{"add_animation":false,"lottie_file":false,"image":{"ID":18473,"id":18473,"title":"hero careers","filename":"hero-careers.png","filesize":993574,"url":"https:\/\/emplifi.io\/wp-content\/uploads\/2025\/10\/hero-careers.png","link":"https:\/\/emplifi.io\/fr\/careers\/hero-careers-2\/","alt":"","author":"46","description":"","caption":"","name":"hero-careers-2","status":"inherit","uploaded_to":9838,"date":"2025-10-23 17:22:22","modified":"2025-10-23 17:22:22","menu_order":0,"mime_type":"image\/png","type":"image","subtype":"png","icon":"https:\/\/emplifi.io\/wp-includes\/images\/media\/default.png","width":1624,"height":1760,"sizes":{"thumbnail":"https:\/\/emplifi.io\/wp-content\/uploads\/2025\/10\/hero-careers-150x150.png","thumbnail-width":150,"thumbnail-height":150,"medium":"https:\/\/emplifi.io\/wp-content\/uploads\/2025\/10\/hero-careers-277x300.png","medium-width":277,"medium-height":300,"medium_large":"https:\/\/emplifi.io\/wp-content\/uploads\/2025\/10\/hero-careers-768x832.png","medium_large-width":768,"medium_large-height":832,"large":"https:\/\/emplifi.io\/wp-content\/uploads\/2025\/10\/hero-careers-945x1024.png","large-width":945,"large-height":1024,"1536x1536":"https:\/\/emplifi.io\/wp-content\/uploads\/2025\/10\/hero-careers-1417x1536.png","1536x1536-width":1417,"1536x1536-height":1536,"2048x2048":"https:\/\/emplifi.io\/wp-content\/uploads\/2025\/10\/hero-careers.png","2048x2048-width":1624,"2048x2048-height":1760,"fullscreen":"https:\/\/emplifi.io\/wp-content\/uploads\/2025\/10\/hero-careers-1624x1080.png","fullscreen-width":1624,"fullscreen-height":1080,"menu-24x24":"https:\/\/emplifi.io\/wp-content\/uploads\/2025\/10\/hero-careers-22x24.png","menu-24x24-width":22,"menu-24x24-height":24,"menu-36x36":"https:\/\/emplifi.io\/wp-content\/uploads\/2025\/10\/hero-careers-33x36.png","menu-36x36-width":33,"menu-36x36-height":36,"menu-48x48":"https:\/\/emplifi.io\/wp-content\/uploads\/2025\/10\/hero-careers-44x48.png","menu-48x48-width":44,"menu-48x48-height":48}},"subhead":"Carri\u00e8res","headline":"Soyez vous-m\u00eame et faites ce que vous aimez - Rejoignez l\u2019aventure Emplifi","text":"<p>Vous vous \u00e9panouissez dans un environnement fond\u00e9 sur la confiance, l\u2019expertise, la libert\u00e9 et le soutien, entour\u00e9 de talents cr\u00e9atifs qui partagent vos ambitions ? C\u2019est exactement notre \u00e9tat d\u2019esprit. Trouvez le r\u00f4le qui vous correspond et laissez votre empreinte.<\/p>\n","button_1":{"title":"D\u00e9couvrez nos opportunit\u00e9s de carri\u00e8re","url":"#careers-feed","target":""},"button_2":"","add_logos":false,"logos_headline":"","logos":false,"video_modal_group":{"add_video":false,"button_text":"","video_type":"youtube","vimeo_embed":"<div style=\"padding:56.25% 0 0 0;position:relative;\"><iframe src=\"https:\/\/player.vimeo.com\/video\/339430037?h=d982fc6177&title=0&byline=0&portrait=0\" style=\"position:absolute;top:0;left:0;width:100%;height:100%;\" frameborder=\"0\" allow=\"autoplay; fullscreen; picture-in-picture\" allowfullscreen><\/iframe><\/div><script src=\"https:\/\/player.vimeo.com\/api\/player.js\"><\/script>","wistia_embed":"s3lqfi0zn7","youtube_embed":"<iframe width=\"560\" height=\"315\" src=\"https:\/\/www.youtube.com\/embed\/GevhhrjhT4s\" frameborder=\"0\" allow=\"accelerometer; autoplay; clipboard-write; encrypted-media; gyroscope; picture-in-picture\" allowfullscreen><\/iframe>"}},"values_group":{"show_section":true,"section_subhead":"","section_headline":"Nos Valeurs","section_text":"<p>Nos valeurs sont le socle de tout ce que nous entreprenons. Elles guident nos actions au quotidien et nous aident \u00e0 atteindre nos objectifs. Gr\u00e2ce \u00e0 elles, nous nous engageons \u00e0 cultiver un environnement de travail stimulant et inspirant, o\u00f9 chacun peut grandir et s\u2019\u00e9panouir.<\/p>\n","values":[{"image":{"ID":6447,"id":6447,"title":"Core_Careers_Enjoy innovation Icon","filename":"Core_Careers_Enjoy-innovation-Icon.svg","filesize":1418,"url":"https:\/\/emplifi.io\/wp-content\/uploads\/2025\/01\/Core_Careers_Enjoy-innovation-Icon.svg","link":"https:\/\/emplifi.io\/fr\/careers\/core_careers_enjoy-innovation-icon-2\/","alt":"","author":"2","description":"","caption":"","name":"core_careers_enjoy-innovation-icon-2","status":"inherit","uploaded_to":9838,"date":"2025-01-23 19:01:49","modified":"2025-01-23 19:01:49","menu_order":0,"mime_type":"image\/svg+xml","type":"image","subtype":"svg+xml","icon":"https:\/\/emplifi.io\/wp-includes\/images\/media\/default.png","width":158,"height":156,"sizes":{"thumbnail":"https:\/\/emplifi.io\/wp-content\/uploads\/2025\/01\/Core_Careers_Enjoy-innovation-Icon.svg","thumbnail-width":150,"thumbnail-height":149,"medium":"https:\/\/emplifi.io\/wp-content\/uploads\/2025\/01\/Core_Careers_Enjoy-innovation-Icon.svg","medium-width":300,"medium-height":297,"medium_large":"https:\/\/emplifi.io\/wp-content\/uploads\/2025\/01\/Core_Careers_Enjoy-innovation-Icon.svg","medium_large-width":768,"medium_large-height":760,"large":"https:\/\/emplifi.io\/wp-content\/uploads\/2025\/01\/Core_Careers_Enjoy-innovation-Icon.svg","large-width":1024,"large-height":1014,"1536x1536":"https:\/\/emplifi.io\/wp-content\/uploads\/2025\/01\/Core_Careers_Enjoy-innovation-Icon.svg","1536x1536-width":158,"1536x1536-height":156,"2048x2048":"https:\/\/emplifi.io\/wp-content\/uploads\/2025\/01\/Core_Careers_Enjoy-innovation-Icon.svg","2048x2048-width":158,"2048x2048-height":156,"fullscreen":"https:\/\/emplifi.io\/wp-content\/uploads\/2025\/01\/Core_Careers_Enjoy-innovation-Icon.svg","fullscreen-width":158,"fullscreen-height":156,"menu-24x24":"https:\/\/emplifi.io\/wp-content\/uploads\/2025\/01\/Core_Careers_Enjoy-innovation-Icon.svg","menu-24x24-width":24,"menu-24x24-height":24,"menu-36x36":"https:\/\/emplifi.io\/wp-content\/uploads\/2025\/01\/Core_Careers_Enjoy-innovation-Icon.svg","menu-36x36-width":36,"menu-36x36-height":36,"menu-48x48":"https:\/\/emplifi.io\/wp-content\/uploads\/2025\/01\/Core_Careers_Enjoy-innovation-Icon.svg","menu-48x48-width":48,"menu-48x48-height":48}},"title":"L\u2019esprit d\u2019innovation","description":"L\u2019innovation est notre moteur. Nous encourageons nos \u00e9quipes \u00e0 explorer de nouvelles id\u00e9es et \u00e0 trouver des solutions cr\u00e9atives. C\u2019est cette passion pour l\u2019innovation qui nous permet de rester \u00e0 la pointe du march\u00e9."},{"image":{"ID":6450,"id":6450,"title":"Core_Careers_Own the outcome Icon","filename":"Core_Careers_Own-the-outcome-Icon.svg","filesize":1771,"url":"https:\/\/emplifi.io\/wp-content\/uploads\/2025\/01\/Core_Careers_Own-the-outcome-Icon.svg","link":"https:\/\/emplifi.io\/fr\/careers\/core_careers_own-the-outcome-icon-2\/","alt":"","author":"2","description":"","caption":"","name":"core_careers_own-the-outcome-icon-2","status":"inherit","uploaded_to":9838,"date":"2025-01-23 19:02:12","modified":"2025-01-23 19:02:12","menu_order":0,"mime_type":"image\/svg+xml","type":"image","subtype":"svg+xml","icon":"https:\/\/emplifi.io\/wp-includes\/images\/media\/default.png","width":158,"height":156,"sizes":{"thumbnail":"https:\/\/emplifi.io\/wp-content\/uploads\/2025\/01\/Core_Careers_Own-the-outcome-Icon.svg","thumbnail-width":150,"thumbnail-height":149,"medium":"https:\/\/emplifi.io\/wp-content\/uploads\/2025\/01\/Core_Careers_Own-the-outcome-Icon.svg","medium-width":300,"medium-height":297,"medium_large":"https:\/\/emplifi.io\/wp-content\/uploads\/2025\/01\/Core_Careers_Own-the-outcome-Icon.svg","medium_large-width":768,"medium_large-height":760,"large":"https:\/\/emplifi.io\/wp-content\/uploads\/2025\/01\/Core_Careers_Own-the-outcome-Icon.svg","large-width":1024,"large-height":1014,"1536x1536":"https:\/\/emplifi.io\/wp-content\/uploads\/2025\/01\/Core_Careers_Own-the-outcome-Icon.svg","1536x1536-width":158,"1536x1536-height":156,"2048x2048":"https:\/\/emplifi.io\/wp-content\/uploads\/2025\/01\/Core_Careers_Own-the-outcome-Icon.svg","2048x2048-width":158,"2048x2048-height":156,"fullscreen":"https:\/\/emplifi.io\/wp-content\/uploads\/2025\/01\/Core_Careers_Own-the-outcome-Icon.svg","fullscreen-width":158,"fullscreen-height":156,"menu-24x24":"https:\/\/emplifi.io\/wp-content\/uploads\/2025\/01\/Core_Careers_Own-the-outcome-Icon.svg","menu-24x24-width":24,"menu-24x24-height":24,"menu-36x36":"https:\/\/emplifi.io\/wp-content\/uploads\/2025\/01\/Core_Careers_Own-the-outcome-Icon.svg","menu-36x36-width":36,"menu-36x36-height":36,"menu-48x48":"https:\/\/emplifi.io\/wp-content\/uploads\/2025\/01\/Core_Careers_Own-the-outcome-Icon.svg","menu-48x48-width":48,"menu-48x48-height":48}},"title":"Responsabilit\u00e9 et excellence","description":"Nous sommes fiers de notre travail et attachons une grande importance \u00e0 la responsabilit\u00e9 individuelle. Chez Emplifi, chacun s\u2019investit pleinement pour atteindre l\u2019excellence. Ensemble, nous relevons les d\u00e9fis et c\u00e9l\u00e9brons nos r\u00e9ussites."},{"image":{"ID":6459,"id":6459,"title":"Core_Careers_Build connections Icon","filename":"Core_Careers_Build-connections-Icon.svg","filesize":1762,"url":"https:\/\/emplifi.io\/wp-content\/uploads\/2025\/01\/Core_Careers_Build-connections-Icon.svg","link":"https:\/\/emplifi.io\/fr\/careers\/core_careers_build-connections-icon-2\/","alt":"","author":"2","description":"","caption":"","name":"core_careers_build-connections-icon-2","status":"inherit","uploaded_to":9838,"date":"2025-01-23 19:03:26","modified":"2025-01-23 19:03:26","menu_order":0,"mime_type":"image\/svg+xml","type":"image","subtype":"svg+xml","icon":"https:\/\/emplifi.io\/wp-includes\/images\/media\/default.png","width":158,"height":156,"sizes":{"thumbnail":"https:\/\/emplifi.io\/wp-content\/uploads\/2025\/01\/Core_Careers_Build-connections-Icon.svg","thumbnail-width":150,"thumbnail-height":149,"medium":"https:\/\/emplifi.io\/wp-content\/uploads\/2025\/01\/Core_Careers_Build-connections-Icon.svg","medium-width":300,"medium-height":297,"medium_large":"https:\/\/emplifi.io\/wp-content\/uploads\/2025\/01\/Core_Careers_Build-connections-Icon.svg","medium_large-width":768,"medium_large-height":760,"large":"https:\/\/emplifi.io\/wp-content\/uploads\/2025\/01\/Core_Careers_Build-connections-Icon.svg","large-width":1024,"large-height":1014,"1536x1536":"https:\/\/emplifi.io\/wp-content\/uploads\/2025\/01\/Core_Careers_Build-connections-Icon.svg","1536x1536-width":158,"1536x1536-height":156,"2048x2048":"https:\/\/emplifi.io\/wp-content\/uploads\/2025\/01\/Core_Careers_Build-connections-Icon.svg","2048x2048-width":158,"2048x2048-height":156,"fullscreen":"https:\/\/emplifi.io\/wp-content\/uploads\/2025\/01\/Core_Careers_Build-connections-Icon.svg","fullscreen-width":158,"fullscreen-height":156,"menu-24x24":"https:\/\/emplifi.io\/wp-content\/uploads\/2025\/01\/Core_Careers_Build-connections-Icon.svg","menu-24x24-width":24,"menu-24x24-height":24,"menu-36x36":"https:\/\/emplifi.io\/wp-content\/uploads\/2025\/01\/Core_Careers_Build-connections-Icon.svg","menu-36x36-width":36,"menu-36x36-height":36,"menu-48x48":"https:\/\/emplifi.io\/wp-content\/uploads\/2025\/01\/Core_Careers_Build-connections-Icon.svg","menu-48x48-width":48,"menu-48x48-height":48}},"title":"Tisser des liens \u00e9troits","description":"Les relations solides sont le fondement de notre succ\u00e8s. Nous encourageons nos collaborateurs \u00e0 cr\u00e9er et entretenir des liens pr\u00e9cieux entre eux, avec nos clients et nos partenaires. Ensemble, nous construisons un r\u00e9seau de confiance et de collaboration."},{"image":{"ID":6453,"id":6453,"title":"Core_Careers_Embrace the growth Icon","filename":"Core_Careers_Embrace-the-growth-Icon.svg","filesize":1506,"url":"https:\/\/emplifi.io\/wp-content\/uploads\/2025\/01\/Core_Careers_Embrace-the-growth-Icon.svg","link":"https:\/\/emplifi.io\/fr\/careers\/core_careers_embrace-the-growth-icon-2\/","alt":"","author":"2","description":"","caption":"","name":"core_careers_embrace-the-growth-icon-2","status":"inherit","uploaded_to":9838,"date":"2025-01-23 19:02:38","modified":"2025-01-23 19:02:38","menu_order":0,"mime_type":"image\/svg+xml","type":"image","subtype":"svg+xml","icon":"https:\/\/emplifi.io\/wp-includes\/images\/media\/default.png","width":158,"height":156,"sizes":{"thumbnail":"https:\/\/emplifi.io\/wp-content\/uploads\/2025\/01\/Core_Careers_Embrace-the-growth-Icon.svg","thumbnail-width":150,"thumbnail-height":149,"medium":"https:\/\/emplifi.io\/wp-content\/uploads\/2025\/01\/Core_Careers_Embrace-the-growth-Icon.svg","medium-width":300,"medium-height":297,"medium_large":"https:\/\/emplifi.io\/wp-content\/uploads\/2025\/01\/Core_Careers_Embrace-the-growth-Icon.svg","medium_large-width":768,"medium_large-height":760,"large":"https:\/\/emplifi.io\/wp-content\/uploads\/2025\/01\/Core_Careers_Embrace-the-growth-Icon.svg","large-width":1024,"large-height":1014,"1536x1536":"https:\/\/emplifi.io\/wp-content\/uploads\/2025\/01\/Core_Careers_Embrace-the-growth-Icon.svg","1536x1536-width":158,"1536x1536-height":156,"2048x2048":"https:\/\/emplifi.io\/wp-content\/uploads\/2025\/01\/Core_Careers_Embrace-the-growth-Icon.svg","2048x2048-width":158,"2048x2048-height":156,"fullscreen":"https:\/\/emplifi.io\/wp-content\/uploads\/2025\/01\/Core_Careers_Embrace-the-growth-Icon.svg","fullscreen-width":158,"fullscreen-height":156,"menu-24x24":"https:\/\/emplifi.io\/wp-content\/uploads\/2025\/01\/Core_Careers_Embrace-the-growth-Icon.svg","menu-24x24-width":24,"menu-24x24-height":24,"menu-36x36":"https:\/\/emplifi.io\/wp-content\/uploads\/2025\/01\/Core_Careers_Embrace-the-growth-Icon.svg","menu-36x36-width":36,"menu-36x36-height":36,"menu-48x48":"https:\/\/emplifi.io\/wp-content\/uploads\/2025\/01\/Core_Careers_Embrace-the-growth-Icon.svg","menu-48x48-width":48,"menu-48x48-height":48}},"title":"Culture de croissance","description":"L\u2019apprentissage continu est une priorit\u00e9. Nous encourageons nos \u00e9quipes \u00e0 d\u00e9velopper leurs comp\u00e9tences, \u00e0 relever de nouveaux d\u00e9fis et \u00e0 garder l\u2019esprit ouvert. Cette volont\u00e9 de progresser nous pousse \u00e0 toujours aller plus loin."},{"image":{"ID":6456,"id":6456,"title":"Core_Careers_Nurture communities Icon","filename":"Core_Careers_Nurture-communities-Icon.svg","filesize":1606,"url":"https:\/\/emplifi.io\/wp-content\/uploads\/2025\/01\/Core_Careers_Nurture-communities-Icon.svg","link":"https:\/\/emplifi.io\/fr\/careers\/core_careers_nurture-communities-icon-2\/","alt":"","author":"2","description":"","caption":"","name":"core_careers_nurture-communities-icon-2","status":"inherit","uploaded_to":9838,"date":"2025-01-23 19:03:02","modified":"2025-01-23 19:03:02","menu_order":0,"mime_type":"image\/svg+xml","type":"image","subtype":"svg+xml","icon":"https:\/\/emplifi.io\/wp-includes\/images\/media\/default.png","width":158,"height":156,"sizes":{"thumbnail":"https:\/\/emplifi.io\/wp-content\/uploads\/2025\/01\/Core_Careers_Nurture-communities-Icon.svg","thumbnail-width":150,"thumbnail-height":149,"medium":"https:\/\/emplifi.io\/wp-content\/uploads\/2025\/01\/Core_Careers_Nurture-communities-Icon.svg","medium-width":300,"medium-height":297,"medium_large":"https:\/\/emplifi.io\/wp-content\/uploads\/2025\/01\/Core_Careers_Nurture-communities-Icon.svg","medium_large-width":768,"medium_large-height":760,"large":"https:\/\/emplifi.io\/wp-content\/uploads\/2025\/01\/Core_Careers_Nurture-communities-Icon.svg","large-width":1024,"large-height":1014,"1536x1536":"https:\/\/emplifi.io\/wp-content\/uploads\/2025\/01\/Core_Careers_Nurture-communities-Icon.svg","1536x1536-width":158,"1536x1536-height":156,"2048x2048":"https:\/\/emplifi.io\/wp-content\/uploads\/2025\/01\/Core_Careers_Nurture-communities-Icon.svg","2048x2048-width":158,"2048x2048-height":156,"fullscreen":"https:\/\/emplifi.io\/wp-content\/uploads\/2025\/01\/Core_Careers_Nurture-communities-Icon.svg","fullscreen-width":158,"fullscreen-height":156,"menu-24x24":"https:\/\/emplifi.io\/wp-content\/uploads\/2025\/01\/Core_Careers_Nurture-communities-Icon.svg","menu-24x24-width":24,"menu-24x24-height":24,"menu-36x36":"https:\/\/emplifi.io\/wp-content\/uploads\/2025\/01\/Core_Careers_Nurture-communities-Icon.svg","menu-36x36-width":36,"menu-36x36-height":36,"menu-48x48":"https:\/\/emplifi.io\/wp-content\/uploads\/2025\/01\/Core_Careers_Nurture-communities-Icon.svg","menu-48x48-width":48,"menu-48x48-height":48}},"title":"Soutien \u00e0 nos communaut\u00e9s","description":"Les communaut\u00e9s sont au c\u0153ur de notre r\u00e9ussite. Chez Emplifi, nous nous effor\u00e7ons de construire et de soutenir des relations solides, non seulement entre nos employ\u00e9s, mais aussi avec nos clients et partenaires. Ensemble, nous pouvons accomplir de grandes choses."}]},"quote_group":{"show_section":true,"section_subhead":"","section_headline":"Un message de nos dirigeants","section_text":"","quote_photo":{"ID":4139,"id":4139,"title":"Ohad_300px","filename":"Ohad_300px.webp","filesize":120520,"url":"https:\/\/emplifi.io\/wp-content\/uploads\/2024\/11\/Ohad_300px.webp","link":"https:\/\/emplifi.io\/fr\/team\/ohad-hecht\/ohad_300px-2\/","alt":"","author":"1","description":"","caption":"","name":"ohad_300px-2","status":"inherit","uploaded_to":10303,"date":"2024-11-20 13:42:48","modified":"2024-11-20 13:42:48","menu_order":0,"mime_type":"image\/webp","type":"image","subtype":"webp","icon":"https:\/\/emplifi.io\/wp-includes\/images\/media\/default.png","width":300,"height":300,"sizes":{"thumbnail":"https:\/\/emplifi.io\/wp-content\/uploads\/2024\/11\/Ohad_300px-150x150.webp","thumbnail-width":150,"thumbnail-height":150,"medium":"https:\/\/emplifi.io\/wp-content\/uploads\/2024\/11\/Ohad_300px.webp","medium-width":300,"medium-height":300,"medium_large":"https:\/\/emplifi.io\/wp-content\/uploads\/2024\/11\/Ohad_300px.webp","medium_large-width":300,"medium_large-height":300,"large":"https:\/\/emplifi.io\/wp-content\/uploads\/2024\/11\/Ohad_300px.webp","large-width":300,"large-height":300,"1536x1536":"https:\/\/emplifi.io\/wp-content\/uploads\/2024\/11\/Ohad_300px.webp","1536x1536-width":300,"1536x1536-height":300,"2048x2048":"https:\/\/emplifi.io\/wp-content\/uploads\/2024\/11\/Ohad_300px.webp","2048x2048-width":300,"2048x2048-height":300,"fullscreen":"https:\/\/emplifi.io\/wp-content\/uploads\/2024\/11\/Ohad_300px.webp","fullscreen-width":300,"fullscreen-height":300,"menu-24x24":"https:\/\/emplifi.io\/wp-content\/uploads\/2024\/11\/Ohad_300px-24x24.webp","menu-24x24-width":24,"menu-24x24-height":24,"menu-36x36":"https:\/\/emplifi.io\/wp-content\/uploads\/2024\/11\/Ohad_300px-36x36.webp","menu-36x36-width":36,"menu-36x36-height":36,"menu-48x48":"https:\/\/emplifi.io\/wp-content\/uploads\/2024\/11\/Ohad_300px-48x48.webp","menu-48x48-width":48,"menu-48x48-height":48}},"quote":"Chez Emplifi, notre force repose sur nos collaborateurs et leur capacit\u00e9 \u00e0 g\u00e9n\u00e9rer un impact r\u00e9el. Ensemble, nous permettons aux entreprises de cr\u00e9er des liens authentiques et durables avec leurs clients. Rejoignez une \u00e9quipe o\u00f9 vos id\u00e9es nourrissent l\u2019innovation et o\u00f9 votre engagement contribue \u00e0 fa\u00e7onner l\u2019avenir de notre secteur.","quote_author":"Ohad Hecht","quote_author_title":"PDG"},"careers_feed_subhead":"","careers_feed_headline":"Postes \u00e0 pourvoir","careers_feed_text":"<p>En savoir plus sur la mani\u00e8re dont nous prot\u00e9geons vos informations personnelles pendant notre processus de recrutement:\u00a0<a href=\"https:\/\/emplifi.io\/fr\/legal\/declaration-de-confidentialite-du-recrutement-demplifi\/\" target=\"_blank\" rel=\"noopener\">Emplifi Recruitment Privacy Statement<\/a>.<\/p>\n","breadcrumb_link":{"title":"Careers","url":"https:\/\/emplifi.io\/fr\/careers\/","target":""},"remove_gtm":false},"_links":{"self":[{"href":"https:\/\/emplifi.io\/fr\/wp-json\/wp\/v2\/pages\/9838","targetHints":{"allow":["GET"]}}],"collection":[{"href":"https:\/\/emplifi.io\/fr\/wp-json\/wp\/v2\/pages"}],"about":[{"href":"https:\/\/emplifi.io\/fr\/wp-json\/wp\/v2\/types\/page"}],"author":[{"embeddable":true,"href":"https:\/\/emplifi.io\/fr\/wp-json\/wp\/v2\/users\/1"}],"replies":[{"embeddable":true,"href":"https:\/\/emplifi.io\/fr\/wp-json\/wp\/v2\/comments?post=9838"}],"version-history":[{"count":0,"href":"https:\/\/emplifi.io\/fr\/wp-json\/wp\/v2\/pages\/9838\/revisions"}],"wp:featuredmedia":[{"embeddable":true,"href":"https:\/\/emplifi.io\/fr\/wp-json\/wp\/v2\/media\/14072"}],"wp:attachment":[{"href":"https:\/\/emplifi.io\/fr\/wp-json\/wp\/v2\/media?parent=9838"}],"curies":[{"name":"wp","href":"https:\/\/api.w.org\/{rel}","templated":true}]}}